{"id":4522,"date":"2019-09-24T23:01:02","date_gmt":"2019-09-25T02:01:02","guid":{"rendered":"http:\/\/www.dudainfo.com\/site\/?post_type=product&#038;p=4522"},"modified":"2019-09-25T11:31:53","modified_gmt":"2019-09-25T14:31:53","slug":"mao-de-obra-de-servicos-instalacao","status":"publish","type":"product","link":"https:\/\/www.dudainfo.com\/site\/product\/mao-de-obra-de-servicos-instalacao\/","title":{"rendered":"M\u00e3o de Obra de Instala\u00e7\u00e3o, Reinstala\u00e7\u00e3o e Recupera\u00e7\u00e3o de Sistemas de Backup"},"content":{"rendered":"<p>Disponibiliza\u00e7\u00e3o de M\u00e3o de Obra de Instala\u00e7\u00e3o, Reinstala\u00e7\u00e3o e Recupera\u00e7\u00e3o de Sistemas de Backup<\/p>\n<p><strong>CONSULTE OS VALORES<\/strong><\/p>\n","protected":false},"excerpt":{"rendered":"<p>Disponibiliza\u00e7\u00e3o de M\u00e3o de Obra de Instala\u00e7\u00e3o, Reinstala\u00e7\u00e3o e Recupera\u00e7\u00e3o de Sistemas de Backup CONSULTE OS VALORES<\/p>\n","protected":false},"featured_media":4552,"comment_status":"open","ping_status":"closed","template":"","meta":[],"product_cat":[76,77],"product_tag":[],"class_list":{"0":"post-4522","1":"product","2":"type-product","3":"status-publish","4":"has-post-thumbnail","6":"product_cat-servicos","7":"product_cat-instalacao-sistema","9":"first","10":"instock","11":"shipping-taxable","12":"product-type-grouped"},"_links":{"self":[{"href":"https:\/\/www.dudainfo.com\/site\/wp-json\/wp\/v2\/product\/4522","targetHints":{"allow":["GET"]}}],"collection":[{"href":"https:\/\/www.dudainfo.com\/site\/wp-json\/wp\/v2\/product"}],"about":[{"href":"https:\/\/www.dudainfo.com\/site\/wp-json\/wp\/v2\/types\/product"}],"replies":[{"embeddable":true,"href":"https:\/\/www.dudainfo.com\/site\/wp-json\/wp\/v2\/comments?post=4522"}],"wp:featuredmedia":[{"embeddable":true,"href":"https:\/\/www.dudainfo.com\/site\/wp-json\/wp\/v2\/media\/4552"}],"wp:attachment":[{"href":"https:\/\/www.dudainfo.com\/site\/wp-json\/wp\/v2\/media?parent=4522"}],"wp:term":[{"taxonomy":"product_cat","embeddable":true,"href":"https:\/\/www.dudainfo.com\/site\/wp-json\/wp\/v2\/product_cat?post=4522"},{"taxonomy":"product_tag","embeddable":true,"href":"https:\/\/www.dudainfo.com\/site\/wp-json\/wp\/v2\/product_tag?post=4522"}],"curies":[{"name":"wp","href":"https:\/\/api.w.org\/{rel}","templated":true}]}}