{"id":4479,"date":"2019-09-24T15:32:54","date_gmt":"2019-09-24T18:32:54","guid":{"rendered":"http:\/\/www.dudainfo.com\/site\/?post_type=product&#038;p=4479"},"modified":"2019-09-25T11:46:46","modified_gmt":"2019-09-25T14:46:46","slug":"hospedagem-bronze","status":"publish","type":"product","link":"https:\/\/www.dudainfo.com\/site\/product\/hospedagem-bronze\/","title":{"rendered":"Hospedagem de Site e Loja Virtual"},"content":{"rendered":"<table class=\"features\" style=\"height: 255px;\" width=\"522\">\n<tbody>\n<tr class=\"first odd\">\n<td class=\"question\">\n<div class=\"content\">ESPA\u00c7O EM DISCO<\/div>\n<\/td>\n<td>\n<div class=\"content\">5000 MB<\/div>\n<\/td>\n<\/tr>\n<tr class=\"even\">\n<td class=\"question\">\n<div class=\"content\">TRANSFER\u00caNCIA DE DADOS<\/div>\n<\/td>\n<td>\n<div class=\"content\">Ilimitado<\/div>\n<\/td>\n<\/tr>\n<tr class=\"odd\">\n<td class=\"question\">\n<div class=\"content\">CPANEL<\/div>\n<\/td>\n<td>\n<div class=\"content\">Sim<\/div>\n<\/td>\n<\/tr>\n<tr class=\"even\">\n<td class=\"question\">\n<div class=\"content\">REGISTRO DE DOM\u00cdNIO GRATUITO (.TK)<\/div>\n<\/td>\n<td class=\"minus\">\n<div class=\"content\"><\/div>\n<\/td>\n<\/tr>\n<tr class=\"odd\">\n<td class=\"question\">\n<div class=\"content\">CONSTRUTOR DE WEBSITE FACIL<\/div>\n<\/td>\n<td class=\"plus\">\n<div class=\"content\"><\/div>\n<\/td>\n<\/tr>\n<tr class=\"even\">\n<td class=\"question\">\n<div class=\"content\">AUTO INSTALADOR DE SCRIPTS<\/div>\n<\/td>\n<td>\n<div class=\"content\">50 Scripts<\/div>\n<\/td>\n<\/tr>\n<tr class=\"even\">\n<td class=\"question\">\n<div class=\"content\">CERTIFICADO SSL PRIVADO<\/div>\n<\/td>\n<td class=\"minus\">\n<div class=\"content\"><\/div>\n<\/td>\n<\/tr>\n<tr class=\"odd\">\n<td class=\"question\">\n<div class=\"content\">BANCO DE DADOS<\/div>\n<\/td>\n<td>\n<div class=\"content\">Ilimitado<\/div>\n<\/td>\n<\/tr>\n<tr class=\"even\">\n<td class=\"question\">\n<div class=\"content\">GARANTIA DE DISPONIBILIDADE<\/div>\n<\/td>\n<td>\n<div class=\"content\">99%<\/div>\n<\/td>\n<\/tr>\n<\/tbody>\n<\/table>\n","protected":false},"excerpt":{"rendered":"<p>ESPA\u00c7O EM DISCO 5000 MB TRANSFER\u00caNCIA DE DADOS Ilimitado CPANEL Sim REGISTRO DE DOM\u00cdNIO GRATUITO (.TK) CONSTRUTOR DE WEBSITE FACIL AUTO INSTALADOR DE SCRIPTS 50 Scripts CERTIFICADO SSL PRIVADO BANCO DE DADOS Ilimitado GARANTIA DE DISPONIBILIDADE 99%<\/p>\n","protected":false},"featured_media":4545,"comment_status":"open","ping_status":"closed","template":"","meta":[],"product_cat":[74,75,15],"product_tag":[],"class_list":{"0":"post-4479","1":"product","2":"type-product","3":"status-publish","4":"has-post-thumbnail","6":"product_cat-hospedagem-site","7":"product_cat-bronze","8":"product_cat-geral","10":"first","11":"instock","12":"virtual","13":"purchasable","14":"product-type-simple"},"_links":{"self":[{"href":"https:\/\/www.dudainfo.com\/site\/wp-json\/wp\/v2\/product\/4479","targetHints":{"allow":["GET"]}}],"collection":[{"href":"https:\/\/www.dudainfo.com\/site\/wp-json\/wp\/v2\/product"}],"about":[{"href":"https:\/\/www.dudainfo.com\/site\/wp-json\/wp\/v2\/types\/product"}],"replies":[{"embeddable":true,"href":"https:\/\/www.dudainfo.com\/site\/wp-json\/wp\/v2\/comments?post=4479"}],"wp:featuredmedia":[{"embeddable":true,"href":"https:\/\/www.dudainfo.com\/site\/wp-json\/wp\/v2\/media\/4545"}],"wp:attachment":[{"href":"https:\/\/www.dudainfo.com\/site\/wp-json\/wp\/v2\/media?parent=4479"}],"wp:term":[{"taxonomy":"product_cat","embeddable":true,"href":"https:\/\/www.dudainfo.com\/site\/wp-json\/wp\/v2\/product_cat?post=4479"},{"taxonomy":"product_tag","embeddable":true,"href":"https:\/\/www.dudainfo.com\/site\/wp-json\/wp\/v2\/product_tag?post=4479"}],"curies":[{"name":"wp","href":"https:\/\/api.w.org\/{rel}","templated":true}]}}