{"id":4475,"date":"2019-09-24T14:31:36","date_gmt":"2019-09-24T17:31:36","guid":{"rendered":"http:\/\/www.dudainfo.com\/site\/?post_type=product&#038;p=4475"},"modified":"2019-09-25T11:33:43","modified_gmt":"2019-09-25T14:33:43","slug":"certificado-ssl-standard","status":"publish","type":"product","link":"https:\/\/www.dudainfo.com\/site\/product\/certificado-ssl-standard\/","title":{"rendered":"Certificado SSL Standard"},"content":{"rendered":"<p>CERTIFICADO DIGITAL SSL\u00a0128\/256 bit<\/p>\n<p>INSTALA\u00c7\u00c3O E CONFIGURA\u00c7\u00c3O GR\u00c1TIS<\/p>\n<p>INSER\u00c7\u00c3O DE HTTPS EM SUA LOJA GR\u00c1TIS<\/p>\n<p>INSER\u00c7\u00c3O DE HTTPS NO SISTEMA DELIVERY GR\u00c1TIS<\/p>\n","protected":false},"excerpt":{"rendered":"<p>CERTIFICADO DIGITAL SSL\u00a0128\/256 bit INSTALA\u00c7\u00c3O E CONFIGURA\u00c7\u00c3O GR\u00c1TIS INSER\u00c7\u00c3O DE HTTPS EM SUA LOJA GR\u00c1TIS INSER\u00c7\u00c3O DE HTTPS NO SISTEMA DELIVERY GR\u00c1TIS<\/p>\n","protected":false},"featured_media":4543,"comment_status":"open","ping_status":"closed","template":"","meta":[],"product_cat":[86,65,15],"product_tag":[],"class_list":{"0":"post-4475","1":"product","2":"type-product","3":"status-publish","4":"has-post-thumbnail","6":"product_cat-certificado-ssl","7":"product_cat-certificado-ssl-standard","8":"product_cat-geral","10":"first","11":"instock","12":"virtual","13":"purchasable","14":"product-type-simple"},"_links":{"self":[{"href":"https:\/\/www.dudainfo.com\/site\/wp-json\/wp\/v2\/product\/4475","targetHints":{"allow":["GET"]}}],"collection":[{"href":"https:\/\/www.dudainfo.com\/site\/wp-json\/wp\/v2\/product"}],"about":[{"href":"https:\/\/www.dudainfo.com\/site\/wp-json\/wp\/v2\/types\/product"}],"replies":[{"embeddable":true,"href":"https:\/\/www.dudainfo.com\/site\/wp-json\/wp\/v2\/comments?post=4475"}],"wp:featuredmedia":[{"embeddable":true,"href":"https:\/\/www.dudainfo.com\/site\/wp-json\/wp\/v2\/media\/4543"}],"wp:attachment":[{"href":"https:\/\/www.dudainfo.com\/site\/wp-json\/wp\/v2\/media?parent=4475"}],"wp:term":[{"taxonomy":"product_cat","embeddable":true,"href":"https:\/\/www.dudainfo.com\/site\/wp-json\/wp\/v2\/product_cat?post=4475"},{"taxonomy":"product_tag","embeddable":true,"href":"https:\/\/www.dudainfo.com\/site\/wp-json\/wp\/v2\/product_tag?post=4475"}],"curies":[{"name":"wp","href":"https:\/\/api.w.org\/{rel}","templated":true}]}}